{"id":31,"date":"2024-01-20T08:28:24","date_gmt":"2024-01-20T08:28:24","guid":{"rendered":"https:\/\/johannes.neueseite.de\/?page_id=31"},"modified":"2024-02-02T19:47:37","modified_gmt":"2024-02-02T19:47:37","slug":"shop","status":"publish","type":"page","link":"https:\/\/johannes.neueseite.de\/","title":{"rendered":"Shop"},"content":{"rendered":"\t\t<div data-elementor-type=\"wp-page\" data-elementor-id=\"31\" class=\"elementor elementor-31\" data-elementor-post-type=\"page\">\n\t\t\t\t<div class=\"elementor-element elementor-element-1941fcc e-con-full e-flex e-con e-parent\" data-id=\"1941fcc\" data-element_type=\"container\" data-e-type=\"container\" data-settings=\"{&quot;background_background&quot;:&quot;classic&quot;}\">\n\t\t\t\t<div class=\"elementor-element elementor-element-8d1ebaa elementor-widget elementor-widget-heading\" data-id=\"8d1ebaa\" data-element_type=\"widget\" data-e-type=\"widget\" data-widget_type=\"heading.default\">\n\t\t\t\t<div class=\"elementor-widget-container\">\n\t\t\t\t\t<h2 class=\"elementor-heading-title elementor-size-default\">Pers\u00f6nliche Geschenke f\u00fcr jedem Anlass<\/h2>\t\t\t\t<\/div>\n\t\t\t\t<\/div>\n\t\t\t\t<div class=\"elementor-element elementor-element-1350e71 elementor-widget__width-auto elementor-widget elementor-widget-heading\" data-id=\"1350e71\" data-element_type=\"widget\" data-e-type=\"widget\" data-widget_type=\"heading.default\">\n\t\t\t\t<div class=\"elementor-widget-container\">\n\t\t\t\t\t<h2 class=\"elementor-heading-title elementor-size-default\">Liebvoll handgefertigte Produkte, zu 100% anpassbar.\nDas perfekte Geschenk f\u00fcr Ihre Liebsten.<\/h2>\t\t\t\t<\/div>\n\t\t\t\t<\/div>\n\t\t\t\t<\/div>\n\t\t<div class=\"elementor-element elementor-element-c5c5e36 e-flex e-con-boxed e-con e-parent\" data-id=\"c5c5e36\" data-element_type=\"container\" data-e-type=\"container\">\n\t\t\t\t\t<div class=\"e-con-inner\">\n\t\t\t\t<div class=\"elementor-element elementor-element-6f262c8 elementor-grid-4 elementor-grid-tablet-3 elementor-grid-mobile-2 elementor-products-grid elementor-wc-products elementor-widget elementor-widget-woocommerce-products\" data-id=\"6f262c8\" data-element_type=\"widget\" data-e-type=\"widget\" data-widget_type=\"woocommerce-products.default\">\n\t\t\t\t<div class=\"elementor-widget-container\">\n\t\t\t\t\t<div class=\"woocommerce columns-4 \"><ul class=\"products elementor-grid columns-4\">\n<li class=\"product type-product post-130 status-publish first instock product_cat-unkategorisiert has-post-thumbnail shipping-taxable product-type-simple\">\n\t<a href=\"https:\/\/johannes.neueseite.de\/index.php\/produkt\/aperolglaeser-familienpackung-mit-namen\/\" class=\"woocommerce-LoopProduct-link woocommerce-loop-product__link\"><img fetchpriority=\"high\" decoding=\"async\" width=\"300\" height=\"300\" src=\"https:\/\/johannes.neueseite.de\/wp-content\/uploads\/2024\/02\/Designer15-300x300.jpeg\" class=\"attachment-woocommerce_thumbnail size-woocommerce_thumbnail\" alt=\"Aperolgl\u00e4ser - Familienpackung mit Namen\" srcset=\"https:\/\/johannes.neueseite.de\/wp-content\/uploads\/2024\/02\/Designer15-300x300.jpeg 300w, https:\/\/johannes.neueseite.de\/wp-content\/uploads\/2024\/02\/Designer15-150x150.jpeg 150w, https:\/\/johannes.neueseite.de\/wp-content\/uploads\/2024\/02\/Designer15-768x768.jpeg 768w, https:\/\/johannes.neueseite.de\/wp-content\/uploads\/2024\/02\/Designer15-600x600.jpeg 600w, https:\/\/johannes.neueseite.de\/wp-content\/uploads\/2024\/02\/Designer15-100x100.jpeg 100w, https:\/\/johannes.neueseite.de\/wp-content\/uploads\/2024\/02\/Designer15.jpeg 1024w\" sizes=\"(max-width: 300px) 100vw, 300px\" \/><h2 class=\"woocommerce-loop-product__title\">Aperolgl\u00e4ser &#8211; Familienpackung mit Namen<\/h2>\n\n\n\n<\/a>\n\t<p class=\"wc-gzd-additional-info wc-gzd-additional-info-loop small-business-info\">Kein Mehrwertsteuerausweis, da Kleinunternehmer nach \u00a719 (1) UStG.<\/p>\n\n\n\n<div class=\"woocommerce-loop-product__buttons\"><a href=\"https:\/\/johannes.neueseite.de\/index.php\/produkt\/aperolglaeser-familienpackung-mit-namen\/\" aria-describedby=\"woocommerce_loop_add_to_cart_link_describedby_130\" data-quantity=\"1\" class=\"button product_type_simple\" data-product_id=\"130\" data-product_sku=\"\" aria-label=\"Lese mehr \u00fcber &#8222;Aperolgl\u00e4ser - Familienpackung mit Namen&#8220;\" rel=\"nofollow\" data-success_message=\"\">Weiterlesen<\/a><\/div>\t<span id=\"woocommerce_loop_add_to_cart_link_describedby_130\" class=\"screen-reader-text\">\n\t\t\t<\/span>\n<\/li>\n<li class=\"product type-product post-125 status-publish instock product_cat-unkategorisiert has-post-thumbnail shipping-taxable product-type-simple\">\n\t<a href=\"https:\/\/johannes.neueseite.de\/index.php\/produkt\/familienpackung-saftglas-200ml-mit-namen\/\" class=\"woocommerce-LoopProduct-link woocommerce-loop-product__link\"><img decoding=\"async\" width=\"300\" height=\"300\" src=\"https:\/\/johannes.neueseite.de\/wp-content\/uploads\/2024\/02\/Designer16-300x300.jpeg\" class=\"attachment-woocommerce_thumbnail size-woocommerce_thumbnail\" alt=\"Familienpackung - Saftglas 200ml mit Namen\" srcset=\"https:\/\/johannes.neueseite.de\/wp-content\/uploads\/2024\/02\/Designer16-300x300.jpeg 300w, https:\/\/johannes.neueseite.de\/wp-content\/uploads\/2024\/02\/Designer16-150x150.jpeg 150w, https:\/\/johannes.neueseite.de\/wp-content\/uploads\/2024\/02\/Designer16-768x768.jpeg 768w, https:\/\/johannes.neueseite.de\/wp-content\/uploads\/2024\/02\/Designer16-600x600.jpeg 600w, https:\/\/johannes.neueseite.de\/wp-content\/uploads\/2024\/02\/Designer16-100x100.jpeg 100w, https:\/\/johannes.neueseite.de\/wp-content\/uploads\/2024\/02\/Designer16.jpeg 1024w\" sizes=\"(max-width: 300px) 100vw, 300px\" \/><h2 class=\"woocommerce-loop-product__title\">Familienpackung &#8211; Saftglas 200ml mit Namen<\/h2>\n\n\n\n<\/a>\n\t<p class=\"wc-gzd-additional-info wc-gzd-additional-info-loop small-business-info\">Kein Mehrwertsteuerausweis, da Kleinunternehmer nach \u00a719 (1) UStG.<\/p>\n\n\n\n<div class=\"woocommerce-loop-product__buttons\"><a href=\"https:\/\/johannes.neueseite.de\/index.php\/produkt\/familienpackung-saftglas-200ml-mit-namen\/\" aria-describedby=\"woocommerce_loop_add_to_cart_link_describedby_125\" data-quantity=\"1\" class=\"button product_type_simple\" data-product_id=\"125\" data-product_sku=\"\" aria-label=\"Lese mehr \u00fcber &#8222;Familienpackung - Saftglas 200ml mit Namen&#8220;\" rel=\"nofollow\" data-success_message=\"\">Weiterlesen<\/a><\/div>\t<span id=\"woocommerce_loop_add_to_cart_link_describedby_125\" class=\"screen-reader-text\">\n\t\t\t<\/span>\n<\/li>\n<li class=\"product type-product post-114 status-publish outofstock product_cat-unkategorisiert has-post-thumbnail shipping-taxable product-type-simple\">\n\t<a href=\"https:\/\/johannes.neueseite.de\/index.php\/produkt\/saftglas-mit-gravur\/\" class=\"woocommerce-LoopProduct-link woocommerce-loop-product__link\"><img decoding=\"async\" width=\"300\" height=\"300\" src=\"https:\/\/johannes.neueseite.de\/wp-content\/uploads\/2024\/02\/Designer13-300x300.jpeg\" class=\"attachment-woocommerce_thumbnail size-woocommerce_thumbnail\" alt=\"Saftglas mit Gravur\" srcset=\"https:\/\/johannes.neueseite.de\/wp-content\/uploads\/2024\/02\/Designer13-300x300.jpeg 300w, https:\/\/johannes.neueseite.de\/wp-content\/uploads\/2024\/02\/Designer13-150x150.jpeg 150w, https:\/\/johannes.neueseite.de\/wp-content\/uploads\/2024\/02\/Designer13-768x768.jpeg 768w, https:\/\/johannes.neueseite.de\/wp-content\/uploads\/2024\/02\/Designer13-600x600.jpeg 600w, https:\/\/johannes.neueseite.de\/wp-content\/uploads\/2024\/02\/Designer13-100x100.jpeg 100w, https:\/\/johannes.neueseite.de\/wp-content\/uploads\/2024\/02\/Designer13.jpeg 1024w\" sizes=\"(max-width: 300px) 100vw, 300px\" \/><h2 class=\"woocommerce-loop-product__title\">Saftglas mit Gravur<\/h2>\n\n\n\n<\/a>\n\t<p class=\"wc-gzd-additional-info wc-gzd-additional-info-loop small-business-info\">Kein Mehrwertsteuerausweis, da Kleinunternehmer nach \u00a719 (1) UStG.<\/p>\n\n\n\n\t<p class=\"wc-gzd-additional-info wc-gzd-additional-info-loop product-units-wrapper product-units\">Produkt enth\u00e4lt: 200 <span class=\"unit\">ml<\/span><\/p>\n<div class=\"woocommerce-loop-product__buttons\"><a href=\"https:\/\/johannes.neueseite.de\/index.php\/produkt\/saftglas-mit-gravur\/\" aria-describedby=\"woocommerce_loop_add_to_cart_link_describedby_114\" data-quantity=\"1\" class=\"button product_type_simple\" data-product_id=\"114\" data-product_sku=\"\" aria-label=\"Lese mehr \u00fcber &#8222;Saftglas mit Gravur&#8220;\" rel=\"nofollow\" data-success_message=\"\">Weiterlesen<\/a><\/div>\t<span id=\"woocommerce_loop_add_to_cart_link_describedby_114\" class=\"screen-reader-text\">\n\t\t\t<\/span>\n<\/li>\n<li class=\"product type-product post-83 status-publish last instock product_cat-unkategorisiert has-post-thumbnail shipping-taxable purchasable product-type-variable\">\n\t<a href=\"https:\/\/johannes.neueseite.de\/index.php\/produkt\/weinglas-200ml-mit-gravur\/\" class=\"woocommerce-LoopProduct-link woocommerce-loop-product__link\"><img loading=\"lazy\" decoding=\"async\" width=\"300\" height=\"300\" src=\"https:\/\/johannes.neueseite.de\/wp-content\/uploads\/2024\/01\/Designer12-300x300.jpeg\" class=\"attachment-woocommerce_thumbnail size-woocommerce_thumbnail\" alt=\"Weinglas 200ml mit Gravur\" srcset=\"https:\/\/johannes.neueseite.de\/wp-content\/uploads\/2024\/01\/Designer12-300x300.jpeg 300w, https:\/\/johannes.neueseite.de\/wp-content\/uploads\/2024\/01\/Designer12-150x150.jpeg 150w, https:\/\/johannes.neueseite.de\/wp-content\/uploads\/2024\/01\/Designer12-768x768.jpeg 768w, https:\/\/johannes.neueseite.de\/wp-content\/uploads\/2024\/01\/Designer12-600x600.jpeg 600w, https:\/\/johannes.neueseite.de\/wp-content\/uploads\/2024\/01\/Designer12-100x100.jpeg 100w, https:\/\/johannes.neueseite.de\/wp-content\/uploads\/2024\/01\/Designer12.jpeg 1024w\" sizes=\"(max-width: 300px) 100vw, 300px\" \/><h2 class=\"woocommerce-loop-product__title\">Weinglas 200ml mit Gravur<\/h2>\n\t<span class=\"price\"><span class=\"woocommerce-Price-amount amount\"><bdi>10,00&nbsp;<span class=\"woocommerce-Price-currencySymbol\">&euro;<\/span><\/bdi><\/span> &ndash; <span class=\"woocommerce-Price-amount amount\"><bdi>12,00&nbsp;<span class=\"woocommerce-Price-currencySymbol\">&euro;<\/span><\/bdi><\/span><\/span>\n\n\n\n<\/a>\n\t<p class=\"wc-gzd-additional-info wc-gzd-additional-info-loop small-business-info\">Kein Mehrwertsteuerausweis, da Kleinunternehmer nach \u00a719 (1) UStG.<\/p>\n\n\t<p class=\"wc-gzd-additional-info wc-gzd-additional-info-loop shipping-costs-info\">zzgl. <a href=\"https:\/\/johannes.neueseite.de\/index.php\/versandarten\/\" target=\"_blank\">Versandkosten<\/a><\/p>\n\n\n<div class=\"woocommerce-loop-product__buttons\"><a href=\"https:\/\/johannes.neueseite.de\/index.php\/produkt\/weinglas-200ml-mit-gravur\/\" aria-describedby=\"woocommerce_loop_add_to_cart_link_describedby_83\" data-quantity=\"1\" class=\"button product_type_variable add_to_cart_button\" data-product_id=\"83\" data-product_sku=\"\" aria-label=\"W\u00e4hle Optionen f\u00fcr \u201eWeinglas 200ml mit Gravur\u201c\" rel=\"nofollow\">Ausf\u00fchrung w\u00e4hlen<\/a><\/div>\t<span id=\"woocommerce_loop_add_to_cart_link_describedby_83\" class=\"screen-reader-text\">\n\t\tDieses Produkt weist mehrere Varianten auf. Die Optionen k\u00f6nnen auf der Produktseite gew\u00e4hlt werden\t<\/span>\n<\/li>\n<\/ul>\n<\/div>\t\t\t\t<\/div>\n\t\t\t\t<\/div>\n\t\t\t\t\t<\/div>\n\t\t\t\t<\/div>\n\t\t\t\t<\/div>\n\t\t","protected":false},"excerpt":{"rendered":"<p>Pers\u00f6nliche Geschenke f\u00fcr jedem Anlass Liebvoll handgefertigte Produkte, zu 100% anpassbar. Das perfekte Geschenk f\u00fcr Ihre Liebsten.<\/p>\n","protected":false},"author":1,"featured_media":0,"parent":0,"menu_order":0,"comment_status":"closed","ping_status":"closed","template":"","meta":{"footnotes":""},"class_list":["post-31","page","type-page","status-publish","hentry"],"_links":{"self":[{"href":"https:\/\/johannes.neueseite.de\/index.php\/wp-json\/wp\/v2\/pages\/31","targetHints":{"allow":["GET"]}}],"collection":[{"href":"https:\/\/johannes.neueseite.de\/index.php\/wp-json\/wp\/v2\/pages"}],"about":[{"href":"https:\/\/johannes.neueseite.de\/index.php\/wp-json\/wp\/v2\/types\/page"}],"author":[{"embeddable":true,"href":"https:\/\/johannes.neueseite.de\/index.php\/wp-json\/wp\/v2\/users\/1"}],"replies":[{"embeddable":true,"href":"https:\/\/johannes.neueseite.de\/index.php\/wp-json\/wp\/v2\/comments?post=31"}],"version-history":[{"count":25,"href":"https:\/\/johannes.neueseite.de\/index.php\/wp-json\/wp\/v2\/pages\/31\/revisions"}],"predecessor-version":[{"id":129,"href":"https:\/\/johannes.neueseite.de\/index.php\/wp-json\/wp\/v2\/pages\/31\/revisions\/129"}],"wp:attachment":[{"href":"https:\/\/johannes.neueseite.de\/index.php\/wp-json\/wp\/v2\/media?parent=31"}],"curies":[{"name":"wp","href":"https:\/\/api.w.org\/{rel}","templated":true}]}}